{"id":975,"date":"2022-11-08T09:48:31","date_gmt":"2022-11-08T06:48:31","guid":{"rendered":"https:\/\/kaganhaliyikama.netcomtasarim.com.tr\/?page_id=975"},"modified":"2022-11-08T10:25:47","modified_gmt":"2022-11-08T07:25:47","slug":"koltuk-yikama","status":"publish","type":"page","link":"https:\/\/alanyadahaliyikama.com\/index.php\/departments\/koltuk-yikama\/","title":{"rendered":"Koltuk Y\u0131kama"},"content":{"rendered":"<style>\/*! elementor - v3.8.0 - 30-10-2022 *\/\n.elementor-heading-title{padding:0;margin:0;line-height:1}.elementor-widget-heading .elementor-heading-title[class*=elementor-size-]>a{color:inherit;font-size:inherit;line-height:inherit}.elementor-widget-heading .elementor-heading-title.elementor-size-small{font-size:15px}.elementor-widget-heading .elementor-heading-title.elementor-size-medium{font-size:19px}.elementor-widget-heading .elementor-heading-title.elementor-size-large{font-size:29px}.elementor-widget-heading .elementor-heading-title.elementor-size-xl{font-size:39px}.elementor-widget-heading .elementor-heading-title.elementor-size-xxl{font-size:59px}<\/style>\n<h1>KOLTUK YIKAMA<\/h1>\n<style>\/*! elementor - v3.8.0 - 30-10-2022 *\/\n.elementor-widget-divider{--divider-border-style:none;--divider-border-width:1px;--divider-color:#2c2c2c;--divider-icon-size:20px;--divider-element-spacing:10px;--divider-pattern-height:24px;--divider-pattern-size:20px;--divider-pattern-url:none;--divider-pattern-repeat:repeat-x}.elementor-widget-divider .elementor-divider{display:-webkit-box;display:-ms-flexbox;display:flex}.elementor-widget-divider .elementor-divider__text{font-size:15px;line-height:1;max-width:95%}.elementor-widget-divider .elementor-divider__element{margin:0 var(--divider-element-spacing);-ms-flex-negative:0;flex-shrink:0}.elementor-widget-divider .elementor-icon{font-size:var(--divider-icon-size)}.elementor-widget-divider .elementor-divider-separator{display:-webkit-box;display:-ms-flexbox;display:flex;margin:0;direction:ltr}.elementor-widget-divider--view-line_icon .elementor-divider-separator,.elementor-widget-divider--view-line_text .elementor-divider-separator{-webkit-box-align:center;-ms-flex-align:center;align-items:center}.elementor-widget-divider--view-line_icon .elementor-divider-separator:after,.elementor-widget-divider--view-line_icon .elementor-divider-separator:before,.elementor-widget-divider--view-line_text .elementor-divider-separator:after,.elementor-widget-divider--view-line_text .elementor-divider-separator:before{display:block;content:\"\";border-bottom:0;-webkit-box-flex:1;-ms-flex-positive:1;flex-grow:1;border-top:var(--divider-border-width) var(--divider-border-style) var(--divider-color)}.elementor-widget-divider--element-align-left .elementor-divider .elementor-divider-separator>.elementor-divider__svg:first-of-type{-webkit-box-flex:0;-ms-flex-positive:0;flex-grow:0;-ms-flex-negative:100;flex-shrink:100}.elementor-widget-divider--element-align-left .elementor-divider-separator:before{content:none}.elementor-widget-divider--element-align-left .elementor-divider__element{margin-left:0}.elementor-widget-divider--element-align-right .elementor-divider .elementor-divider-separator>.elementor-divider__svg:last-of-type{-webkit-box-flex:0;-ms-flex-positive:0;flex-grow:0;-ms-flex-negative:100;flex-shrink:100}.elementor-widget-divider--element-align-right .elementor-divider-separator:after{content:none}.elementor-widget-divider--element-align-right .elementor-divider__element{margin-right:0}.elementor-widget-divider:not(.elementor-widget-divider--view-line_text):not(.elementor-widget-divider--view-line_icon) .elementor-divider-separator{border-top:var(--divider-border-width) var(--divider-border-style) var(--divider-color)}.elementor-widget-divider--separator-type-pattern{--divider-border-style:none}.elementor-widget-divider--separator-type-pattern.elementor-widget-divider--view-line .elementor-divider-separator,.elementor-widget-divider--separator-type-pattern:not(.elementor-widget-divider--view-line) .elementor-divider-separator:after,.elementor-widget-divider--separator-type-pattern:not(.elementor-widget-divider--view-line) .elementor-divider-separator:before,.elementor-widget-divider--separator-type-pattern:not([class*=elementor-widget-divider--view]) .elementor-divider-separator{width:100%;min-height:var(--divider-pattern-height);-webkit-mask-size:var(--divider-pattern-size) 100%;mask-size:var(--divider-pattern-size) 100%;-webkit-mask-repeat:var(--divider-pattern-repeat);mask-repeat:var(--divider-pattern-repeat);background-color:var(--divider-color);-webkit-mask-image:var(--divider-pattern-url);mask-image:var(--divider-pattern-url)}.elementor-widget-divider--no-spacing{--divider-pattern-size:auto}.elementor-widget-divider--bg-round{--divider-pattern-repeat:round}.rtl .elementor-widget-divider .elementor-divider__text{direction:rtl}.e-con-inner>.elementor-widget-divider,.e-con>.elementor-widget-divider{width:var(--container-widget-width,100%)}<\/style>\n<h2>Koltuk Y\u0131kama<br \/><\/h2>\n<p><strong>\u00a0<\/strong>Alanya Ka\u011fan Profesyonel Hal\u0131 &amp; Koltuk Y\u0131kama Fabrikas\u0131 di\u011fer hal\u0131 y\u0131kama ve koltuk y\u0131kamac\u0131lardan farkl\u0131 olarak tam profesyonel \u00e7al\u0131\u015fmas\u0131 ve uzman bir ekibe sahip olmas\u0131n\u0131n yan\u0131nda k\u00f6p\u00fckl\u00fc y\u0131kama teknolojisiyle hizmet vermektedir. Makinemiz k\u00f6p\u00fckl\u00fc y\u0131kama sayesinde koltuk kuma\u015flar\u0131na ve y\u00fczeylerine her hangi bir zarar vermez di\u011fer buharl\u0131 makinelerin a\u015f\u0131r\u0131 buhar \u00fcflemesi sonucu y\u00fcksek \u0131s\u0131 koltuk kuma\u015flar\u0131n\u0131n ve y\u00fczeylerinin deforme olmas\u0131n\u0131 kolayla\u015ft\u0131r\u0131r. K\u00f6p\u00fckl\u00fc makinemiz uygun devirde d\u00f6nen mini f\u0131r\u00e7as\u0131yla lekelere derinden m\u00fcdahale ederek koltuklar\u0131n\u0131z\u0131n ilk g\u00fcnk\u00fc gibi parlakl\u0131\u011f\u0131na kavu\u015fmas\u0131n\u0131 sa\u011flar.Koltuk y\u0131kama\u00a0i\u015flemi yerinde y\u0131kama oldugu icin koltuk y\u0131kama esnas\u0131nda koltuklar\u0131n\u0131z bir yerden bir yere ta\u015f\u0131nmas\u0131na gerek kalmaz. Kullanm\u0131\u015f oldu\u011fumuz koltuk y\u0131kama \u015fampuanlar\u0131 % 100 bitkisel i\u00e7eriklidir. Fabrikam\u0131z koltuk y\u0131kama hizmetini her mevsim vermektedir. Koltuk y\u0131kama\u00a0i\u015flemi bittikten 4 saat sonra kullan\u0131ma haz\u0131r hale gelir. Koltuk y\u0131kaman\u0131n d\u0131\u015f\u0131nda cekyat y\u0131kama, berjer y\u0131kama, oturma gurubu y\u0131kama, sandalye y\u0131kama gibi hizmetlerimizde vard\u0131r.<\/p>\n<style>\/*! elementor - v3.8.0 - 30-10-2022 *\/\n.elementor-widget-image{text-align:center}.elementor-widget-image a{display:inline-block}.elementor-widget-image a img[src$=\".svg\"]{width:48px}.elementor-widget-image img{vertical-align:middle;display:inline-block}<\/style>\n<p>\t\t\t\t\t\t\t\t\t\t\t\t<img decoding=\"async\" width=\"1024\" height=\"683\" src=\"http:\/\/kaganhaliyikama.netcomtasarim.com.tr\/wp-content\/uploads\/2022\/11\/Sofa-Cleaning-img-1024x683.jpg\" alt=\"\" loading=\"lazy\" srcset=\"https:\/\/kaganhaliyikama.netcomtasarim.com.tr\/wp-content\/uploads\/2022\/11\/Sofa-Cleaning-img-1024x683.jpg 1024w, https:\/\/kaganhaliyikama.netcomtasarim.com.tr\/wp-content\/uploads\/2022\/11\/Sofa-Cleaning-img-300x200.jpg 300w, https:\/\/kaganhaliyikama.netcomtasarim.com.tr\/wp-content\/uploads\/2022\/11\/Sofa-Cleaning-img-768x512.jpg 768w, https:\/\/kaganhaliyikama.netcomtasarim.com.tr\/wp-content\/uploads\/2022\/11\/Sofa-Cleaning-img-1536x1025.jpg 1536w, https:\/\/kaganhaliyikama.netcomtasarim.com.tr\/wp-content\/uploads\/2022\/11\/Sofa-Cleaning-img.jpg 2000w\" sizes=\"auto, (max-width: 1024px) 100vw, 1024px\" \/><\/p>\n","protected":false},"excerpt":{"rendered":"<p>KOLTUK YIKAMA Koltuk Y\u0131kama \u00a0Alanya Ka\u011fan Profesyonel Hal\u0131 &amp; Koltuk Y\u0131kama Fabrikas\u0131 di\u011fer hal\u0131 y\u0131kama ve koltuk y\u0131kamac\u0131lardan farkl\u0131 olarak tam profesyonel \u00e7al\u0131\u015fmas\u0131 ve uzman bir ekibe sahip olmas\u0131n\u0131n yan\u0131nda k\u00f6p\u00fckl\u00fc y\u0131kama teknolojisiyle hizmet vermektedir. Makinemiz k\u00f6p\u00fckl\u00fc y\u0131kama sayesinde koltuk kuma\u015flar\u0131na ve y\u00fczeylerine her hangi bir zarar vermez di\u011fer buharl\u0131 makinelerin a\u015f\u0131r\u0131 buhar \u00fcflemesi sonucu &hellip;<\/p>\n<p class=\"read-more\"> <a class=\"\" href=\"https:\/\/alanyadahaliyikama.com\/index.php\/departments\/koltuk-yikama\/\"> <span class=\"screen-reader-text\">Koltuk Y\u0131kama<\/span> Read More \u00bb<\/a><\/p>\n","protected":false},"author":1,"featured_media":0,"parent":8,"menu_order":0,"comment_status":"closed","ping_status":"closed","template":"","meta":{"site-sidebar-layout":"default","site-content-layout":"default","ast-global-header-display":"","ast-main-header-display":"","ast-hfb-above-header-display":"","ast-hfb-below-header-display":"","ast-hfb-mobile-header-display":"","site-post-title":"","ast-breadcrumbs-content":"","ast-featured-img":"","footer-sml-layout":"","theme-transparent-header-meta":"","adv-header-id-meta":"","stick-header-meta":"","header-above-stick-meta":"","header-main-stick-meta":"","header-below-stick-meta":"","_joinchat":[],"footnotes":""},"class_list":["post-975","page","type-page","status-publish","hentry"],"_links":{"self":[{"href":"https:\/\/alanyadahaliyikama.com\/index.php\/wp-json\/wp\/v2\/pages\/975","targetHints":{"allow":["GET"]}}],"collection":[{"href":"https:\/\/alanyadahaliyikama.com\/index.php\/wp-json\/wp\/v2\/pages"}],"about":[{"href":"https:\/\/alanyadahaliyikama.com\/index.php\/wp-json\/wp\/v2\/types\/page"}],"author":[{"embeddable":true,"href":"https:\/\/alanyadahaliyikama.com\/index.php\/wp-json\/wp\/v2\/users\/1"}],"replies":[{"embeddable":true,"href":"https:\/\/alanyadahaliyikama.com\/index.php\/wp-json\/wp\/v2\/comments?post=975"}],"version-history":[{"count":34,"href":"https:\/\/alanyadahaliyikama.com\/index.php\/wp-json\/wp\/v2\/pages\/975\/revisions"}],"predecessor-version":[{"id":1124,"href":"https:\/\/alanyadahaliyikama.com\/index.php\/wp-json\/wp\/v2\/pages\/975\/revisions\/1124"}],"up":[{"embeddable":true,"href":"https:\/\/alanyadahaliyikama.com\/index.php\/wp-json\/wp\/v2\/pages\/8"}],"wp:attachment":[{"href":"https:\/\/alanyadahaliyikama.com\/index.php\/wp-json\/wp\/v2\/media?parent=975"}],"curies":[{"name":"wp","href":"https:\/\/api.w.org\/{rel}","templated":true}]}}