{"id":977,"date":"2022-11-08T09:48:39","date_gmt":"2022-11-08T06:48:39","guid":{"rendered":"https:\/\/kaganhaliyikama.netcomtasarim.com.tr\/?page_id=977"},"modified":"2022-11-08T18:17:32","modified_gmt":"2022-11-08T15:17:32","slug":"mermer-cilasi","status":"publish","type":"page","link":"https:\/\/alanyadahaliyikama.com\/index.php\/departments\/mermer-cilasi\/","title":{"rendered":"Mermer Cilas\u0131"},"content":{"rendered":"<style>\/*! elementor - v3.8.0 - 30-10-2022 *\/\n.elementor-heading-title{padding:0;margin:0;line-height:1}.elementor-widget-heading .elementor-heading-title[class*=elementor-size-]>a{color:inherit;font-size:inherit;line-height:inherit}.elementor-widget-heading .elementor-heading-title.elementor-size-small{font-size:15px}.elementor-widget-heading .elementor-heading-title.elementor-size-medium{font-size:19px}.elementor-widget-heading .elementor-heading-title.elementor-size-large{font-size:29px}.elementor-widget-heading .elementor-heading-title.elementor-size-xl{font-size:39px}.elementor-widget-heading .elementor-heading-title.elementor-size-xxl{font-size:59px}<\/style>\n<h1>MERMER C\u0130LASI<\/h1>\n<style>\/*! elementor - v3.8.0 - 30-10-2022 *\/\n.elementor-widget-divider{--divider-border-style:none;--divider-border-width:1px;--divider-color:#2c2c2c;--divider-icon-size:20px;--divider-element-spacing:10px;--divider-pattern-height:24px;--divider-pattern-size:20px;--divider-pattern-url:none;--divider-pattern-repeat:repeat-x}.elementor-widget-divider .elementor-divider{display:-webkit-box;display:-ms-flexbox;display:flex}.elementor-widget-divider .elementor-divider__text{font-size:15px;line-height:1;max-width:95%}.elementor-widget-divider .elementor-divider__element{margin:0 var(--divider-element-spacing);-ms-flex-negative:0;flex-shrink:0}.elementor-widget-divider .elementor-icon{font-size:var(--divider-icon-size)}.elementor-widget-divider .elementor-divider-separator{display:-webkit-box;display:-ms-flexbox;display:flex;margin:0;direction:ltr}.elementor-widget-divider--view-line_icon .elementor-divider-separator,.elementor-widget-divider--view-line_text .elementor-divider-separator{-webkit-box-align:center;-ms-flex-align:center;align-items:center}.elementor-widget-divider--view-line_icon .elementor-divider-separator:after,.elementor-widget-divider--view-line_icon .elementor-divider-separator:before,.elementor-widget-divider--view-line_text .elementor-divider-separator:after,.elementor-widget-divider--view-line_text .elementor-divider-separator:before{display:block;content:\"\";border-bottom:0;-webkit-box-flex:1;-ms-flex-positive:1;flex-grow:1;border-top:var(--divider-border-width) var(--divider-border-style) var(--divider-color)}.elementor-widget-divider--element-align-left .elementor-divider .elementor-divider-separator>.elementor-divider__svg:first-of-type{-webkit-box-flex:0;-ms-flex-positive:0;flex-grow:0;-ms-flex-negative:100;flex-shrink:100}.elementor-widget-divider--element-align-left .elementor-divider-separator:before{content:none}.elementor-widget-divider--element-align-left .elementor-divider__element{margin-left:0}.elementor-widget-divider--element-align-right .elementor-divider .elementor-divider-separator>.elementor-divider__svg:last-of-type{-webkit-box-flex:0;-ms-flex-positive:0;flex-grow:0;-ms-flex-negative:100;flex-shrink:100}.elementor-widget-divider--element-align-right .elementor-divider-separator:after{content:none}.elementor-widget-divider--element-align-right .elementor-divider__element{margin-right:0}.elementor-widget-divider:not(.elementor-widget-divider--view-line_text):not(.elementor-widget-divider--view-line_icon) .elementor-divider-separator{border-top:var(--divider-border-width) var(--divider-border-style) var(--divider-color)}.elementor-widget-divider--separator-type-pattern{--divider-border-style:none}.elementor-widget-divider--separator-type-pattern.elementor-widget-divider--view-line .elementor-divider-separator,.elementor-widget-divider--separator-type-pattern:not(.elementor-widget-divider--view-line) .elementor-divider-separator:after,.elementor-widget-divider--separator-type-pattern:not(.elementor-widget-divider--view-line) .elementor-divider-separator:before,.elementor-widget-divider--separator-type-pattern:not([class*=elementor-widget-divider--view]) .elementor-divider-separator{width:100%;min-height:var(--divider-pattern-height);-webkit-mask-size:var(--divider-pattern-size) 100%;mask-size:var(--divider-pattern-size) 100%;-webkit-mask-repeat:var(--divider-pattern-repeat);mask-repeat:var(--divider-pattern-repeat);background-color:var(--divider-color);-webkit-mask-image:var(--divider-pattern-url);mask-image:var(--divider-pattern-url)}.elementor-widget-divider--no-spacing{--divider-pattern-size:auto}.elementor-widget-divider--bg-round{--divider-pattern-repeat:round}.rtl .elementor-widget-divider .elementor-divider__text{direction:rtl}.e-con-inner>.elementor-widget-divider,.e-con>.elementor-widget-divider{width:var(--container-widget-width,100%)}<\/style>\n<h2>Mermer Cilas\u0131<\/h2>\n<p>\u00a0<\/p>\n<p><b>Mermer Cilas\u0131<\/b>\u00a0ve Parlatma \u0130\u015flemi\u00a0<b>Nas\u0131l Yap\u0131l\u0131r<\/b>? Bir su barda\u011f\u0131 suya karbonat eklenir bu sol\u00fcsyon temiz bir bez ile bast\u0131r\u0131lmadan\u00a0<b>mermer<\/b>\u00a0y\u00fczey silinir. Fakat lekeli alanlar \u00fczerinde biraz daha yo\u011fun \u00e7al\u0131\u015f\u0131l\u0131r. Bu \u015fekilde 1-2 saat kurumas\u0131 beklenir<\/p>\n<style>\/*! elementor - v3.8.0 - 30-10-2022 *\/\n.elementor-widget-image{text-align:center}.elementor-widget-image a{display:inline-block}.elementor-widget-image a img[src$=\".svg\"]{width:48px}.elementor-widget-image img{vertical-align:middle;display:inline-block}<\/style>\n<p>\t\t\t\t\t\t\t\t\t\t\t\t<img decoding=\"async\" width=\"768\" height=\"1024\" src=\"http:\/\/kaganhaliyikama.netcomtasarim.com.tr\/wp-content\/uploads\/2022\/11\/WhatsApp-Image-2022-11-08-at-16.45.38-768x1024.jpeg\" alt=\"\" loading=\"lazy\" srcset=\"https:\/\/kaganhaliyikama.netcomtasarim.com.tr\/wp-content\/uploads\/2022\/11\/WhatsApp-Image-2022-11-08-at-16.45.38-768x1024.jpeg 768w, https:\/\/kaganhaliyikama.netcomtasarim.com.tr\/wp-content\/uploads\/2022\/11\/WhatsApp-Image-2022-11-08-at-16.45.38-225x300.jpeg 225w, https:\/\/kaganhaliyikama.netcomtasarim.com.tr\/wp-content\/uploads\/2022\/11\/WhatsApp-Image-2022-11-08-at-16.45.38-1152x1536.jpeg 1152w, https:\/\/kaganhaliyikama.netcomtasarim.com.tr\/wp-content\/uploads\/2022\/11\/WhatsApp-Image-2022-11-08-at-16.45.38.jpeg 1200w\" sizes=\"auto, (max-width: 768px) 100vw, 768px\" \/><\/p>\n","protected":false},"excerpt":{"rendered":"<p>MERMER C\u0130LASI Mermer Cilas\u0131 \u00a0 Mermer Cilas\u0131\u00a0ve Parlatma \u0130\u015flemi\u00a0Nas\u0131l Yap\u0131l\u0131r? Bir su barda\u011f\u0131 suya karbonat eklenir bu sol\u00fcsyon temiz bir bez ile bast\u0131r\u0131lmadan\u00a0mermer\u00a0y\u00fczey silinir. Fakat lekeli alanlar \u00fczerinde biraz daha yo\u011fun \u00e7al\u0131\u015f\u0131l\u0131r. Bu \u015fekilde 1-2 saat kurumas\u0131 beklenir<\/p>\n","protected":false},"author":1,"featured_media":0,"parent":8,"menu_order":0,"comment_status":"closed","ping_status":"closed","template":"","meta":{"site-sidebar-layout":"default","site-content-layout":"default","ast-global-header-display":"","ast-main-header-display":"","ast-hfb-above-header-display":"","ast-hfb-below-header-display":"","ast-hfb-mobile-header-display":"","site-post-title":"","ast-breadcrumbs-content":"","ast-featured-img":"","footer-sml-layout":"","theme-transparent-header-meta":"","adv-header-id-meta":"","stick-header-meta":"","header-above-stick-meta":"","header-main-stick-meta":"","header-below-stick-meta":"","_joinchat":[],"footnotes":""},"class_list":["post-977","page","type-page","status-publish","hentry"],"_links":{"self":[{"href":"https:\/\/alanyadahaliyikama.com\/index.php\/wp-json\/wp\/v2\/pages\/977","targetHints":{"allow":["GET"]}}],"collection":[{"href":"https:\/\/alanyadahaliyikama.com\/index.php\/wp-json\/wp\/v2\/pages"}],"about":[{"href":"https:\/\/alanyadahaliyikama.com\/index.php\/wp-json\/wp\/v2\/types\/page"}],"author":[{"embeddable":true,"href":"https:\/\/alanyadahaliyikama.com\/index.php\/wp-json\/wp\/v2\/users\/1"}],"replies":[{"embeddable":true,"href":"https:\/\/alanyadahaliyikama.com\/index.php\/wp-json\/wp\/v2\/comments?post=977"}],"version-history":[{"count":14,"href":"https:\/\/alanyadahaliyikama.com\/index.php\/wp-json\/wp\/v2\/pages\/977\/revisions"}],"predecessor-version":[{"id":1472,"href":"https:\/\/alanyadahaliyikama.com\/index.php\/wp-json\/wp\/v2\/pages\/977\/revisions\/1472"}],"up":[{"embeddable":true,"href":"https:\/\/alanyadahaliyikama.com\/index.php\/wp-json\/wp\/v2\/pages\/8"}],"wp:attachment":[{"href":"https:\/\/alanyadahaliyikama.com\/index.php\/wp-json\/wp\/v2\/media?parent=977"}],"curies":[{"name":"wp","href":"https:\/\/api.w.org\/{rel}","templated":true}]}}