{"id":981,"date":"2022-11-08T09:48:58","date_gmt":"2022-11-08T06:48:58","guid":{"rendered":"https:\/\/kaganhaliyikama.netcomtasarim.com.tr\/?page_id=981"},"modified":"2022-11-08T11:06:46","modified_gmt":"2022-11-08T08:06:46","slug":"stor-perde-temizligi","status":"publish","type":"page","link":"https:\/\/alanyadahaliyikama.com\/index.php\/departments\/stor-perde-temizligi\/","title":{"rendered":"Stor Perde Temizli\u011fi"},"content":{"rendered":"<style>\/*! elementor - v3.8.0 - 30-10-2022 *\/\n.elementor-heading-title{padding:0;margin:0;line-height:1}.elementor-widget-heading .elementor-heading-title[class*=elementor-size-]>a{color:inherit;font-size:inherit;line-height:inherit}.elementor-widget-heading .elementor-heading-title.elementor-size-small{font-size:15px}.elementor-widget-heading .elementor-heading-title.elementor-size-medium{font-size:19px}.elementor-widget-heading .elementor-heading-title.elementor-size-large{font-size:29px}.elementor-widget-heading .elementor-heading-title.elementor-size-xl{font-size:39px}.elementor-widget-heading .elementor-heading-title.elementor-size-xxl{font-size:59px}<\/style>\n<h1>STOR PERDE TEM\u0130ZL\u0130\u011e\u0130<\/h1>\n<style>\/*! elementor - v3.8.0 - 30-10-2022 *\/\n.elementor-widget-divider{--divider-border-style:none;--divider-border-width:1px;--divider-color:#2c2c2c;--divider-icon-size:20px;--divider-element-spacing:10px;--divider-pattern-height:24px;--divider-pattern-size:20px;--divider-pattern-url:none;--divider-pattern-repeat:repeat-x}.elementor-widget-divider .elementor-divider{display:-webkit-box;display:-ms-flexbox;display:flex}.elementor-widget-divider .elementor-divider__text{font-size:15px;line-height:1;max-width:95%}.elementor-widget-divider .elementor-divider__element{margin:0 var(--divider-element-spacing);-ms-flex-negative:0;flex-shrink:0}.elementor-widget-divider .elementor-icon{font-size:var(--divider-icon-size)}.elementor-widget-divider .elementor-divider-separator{display:-webkit-box;display:-ms-flexbox;display:flex;margin:0;direction:ltr}.elementor-widget-divider--view-line_icon .elementor-divider-separator,.elementor-widget-divider--view-line_text .elementor-divider-separator{-webkit-box-align:center;-ms-flex-align:center;align-items:center}.elementor-widget-divider--view-line_icon .elementor-divider-separator:after,.elementor-widget-divider--view-line_icon .elementor-divider-separator:before,.elementor-widget-divider--view-line_text .elementor-divider-separator:after,.elementor-widget-divider--view-line_text .elementor-divider-separator:before{display:block;content:\"\";border-bottom:0;-webkit-box-flex:1;-ms-flex-positive:1;flex-grow:1;border-top:var(--divider-border-width) var(--divider-border-style) var(--divider-color)}.elementor-widget-divider--element-align-left .elementor-divider .elementor-divider-separator>.elementor-divider__svg:first-of-type{-webkit-box-flex:0;-ms-flex-positive:0;flex-grow:0;-ms-flex-negative:100;flex-shrink:100}.elementor-widget-divider--element-align-left .elementor-divider-separator:before{content:none}.elementor-widget-divider--element-align-left .elementor-divider__element{margin-left:0}.elementor-widget-divider--element-align-right .elementor-divider .elementor-divider-separator>.elementor-divider__svg:last-of-type{-webkit-box-flex:0;-ms-flex-positive:0;flex-grow:0;-ms-flex-negative:100;flex-shrink:100}.elementor-widget-divider--element-align-right .elementor-divider-separator:after{content:none}.elementor-widget-divider--element-align-right .elementor-divider__element{margin-right:0}.elementor-widget-divider:not(.elementor-widget-divider--view-line_text):not(.elementor-widget-divider--view-line_icon) .elementor-divider-separator{border-top:var(--divider-border-width) var(--divider-border-style) var(--divider-color)}.elementor-widget-divider--separator-type-pattern{--divider-border-style:none}.elementor-widget-divider--separator-type-pattern.elementor-widget-divider--view-line .elementor-divider-separator,.elementor-widget-divider--separator-type-pattern:not(.elementor-widget-divider--view-line) .elementor-divider-separator:after,.elementor-widget-divider--separator-type-pattern:not(.elementor-widget-divider--view-line) .elementor-divider-separator:before,.elementor-widget-divider--separator-type-pattern:not([class*=elementor-widget-divider--view]) .elementor-divider-separator{width:100%;min-height:var(--divider-pattern-height);-webkit-mask-size:var(--divider-pattern-size) 100%;mask-size:var(--divider-pattern-size) 100%;-webkit-mask-repeat:var(--divider-pattern-repeat);mask-repeat:var(--divider-pattern-repeat);background-color:var(--divider-color);-webkit-mask-image:var(--divider-pattern-url);mask-image:var(--divider-pattern-url)}.elementor-widget-divider--no-spacing{--divider-pattern-size:auto}.elementor-widget-divider--bg-round{--divider-pattern-repeat:round}.rtl .elementor-widget-divider .elementor-divider__text{direction:rtl}.e-con-inner>.elementor-widget-divider,.e-con>.elementor-widget-divider{width:var(--container-widget-width,100%)}<\/style>\n<h2>Stor Perde Y\u0131kama<\/h2>\n<h1>&nbsp;<\/h1>\n<p><b>Stor Perde Y\u0131kama<\/b> hizmeti ev ve i\u015fyerlerinizden \u00fccretsiz servislerimizle al\u0131nan stor perdeleriniz uzman ekibimiz sayesinde tozdan kirden ve lekeden tamamen ar\u0131nd\u0131r\u0131l\u0131r. Y\u0131kama i\u015flemi s\u0131ras\u0131nda stor perde mekanizmas\u0131nda herhangi bir ar\u0131za veya tahribat meydana gelmez. Stor perde y\u0131kama a\u015famas\u0131nda kullanm\u0131\u015f oldu\u011fumuz \u015fampuanlar % 100 bitkisel bazl\u0131 olup kimyasal madde i\u00e7ermez. Y\u0131kama i\u015flemi biten stor perdeleriniz 2 veya 3 g\u00fcn i\u00e7erisinde \u00fccretsiz servislerimizle vakit kaybetmeden teslim edilir.<\/p>\n<style>\/*! elementor - v3.8.0 - 30-10-2022 *\/\n.elementor-widget-image{text-align:center}.elementor-widget-image a{display:inline-block}.elementor-widget-image a img[src$=\".svg\"]{width:48px}.elementor-widget-image img{vertical-align:middle;display:inline-block}<\/style>\n<p>\t\t\t\t\t\t\t\t\t\t\t\t<img decoding=\"async\" width=\"1024\" height=\"683\" src=\"http:\/\/kaganhaliyikama.netcomtasarim.com.tr\/wp-content\/uploads\/2022\/11\/how-to-clean-wood-blinds-4693507-03-b83f65f27d2840b688ce2200da131ae4-1024x683.jpg\" alt=\"\" loading=\"lazy\" srcset=\"https:\/\/kaganhaliyikama.netcomtasarim.com.tr\/wp-content\/uploads\/2022\/11\/how-to-clean-wood-blinds-4693507-03-b83f65f27d2840b688ce2200da131ae4-1024x683.jpg 1024w, https:\/\/kaganhaliyikama.netcomtasarim.com.tr\/wp-content\/uploads\/2022\/11\/how-to-clean-wood-blinds-4693507-03-b83f65f27d2840b688ce2200da131ae4-300x200.jpg 300w, https:\/\/kaganhaliyikama.netcomtasarim.com.tr\/wp-content\/uploads\/2022\/11\/how-to-clean-wood-blinds-4693507-03-b83f65f27d2840b688ce2200da131ae4-768x512.jpg 768w, https:\/\/kaganhaliyikama.netcomtasarim.com.tr\/wp-content\/uploads\/2022\/11\/how-to-clean-wood-blinds-4693507-03-b83f65f27d2840b688ce2200da131ae4.jpg 1500w\" sizes=\"auto, (max-width: 1024px) 100vw, 1024px\" \/><\/p>\n","protected":false},"excerpt":{"rendered":"<p>STOR PERDE TEM\u0130ZL\u0130\u011e\u0130 Stor Perde Y\u0131kama &nbsp; Stor Perde Y\u0131kama hizmeti ev ve i\u015fyerlerinizden \u00fccretsiz servislerimizle al\u0131nan stor perdeleriniz uzman ekibimiz sayesinde tozdan kirden ve lekeden tamamen ar\u0131nd\u0131r\u0131l\u0131r. Y\u0131kama i\u015flemi s\u0131ras\u0131nda stor perde mekanizmas\u0131nda herhangi bir ar\u0131za veya tahribat meydana gelmez. Stor perde y\u0131kama a\u015famas\u0131nda kullanm\u0131\u015f oldu\u011fumuz \u015fampuanlar % 100 bitkisel bazl\u0131 olup kimyasal madde &hellip;<\/p>\n<p class=\"read-more\"> <a class=\"\" href=\"https:\/\/alanyadahaliyikama.com\/index.php\/departments\/stor-perde-temizligi\/\"> <span class=\"screen-reader-text\">Stor Perde Temizli\u011fi<\/span> Read More \u00bb<\/a><\/p>\n","protected":false},"author":1,"featured_media":0,"parent":8,"menu_order":0,"comment_status":"closed","ping_status":"closed","template":"","meta":{"site-sidebar-layout":"default","site-content-layout":"default","ast-global-header-display":"","ast-main-header-display":"","ast-hfb-above-header-display":"","ast-hfb-below-header-display":"","ast-hfb-mobile-header-display":"","site-post-title":"","ast-breadcrumbs-content":"","ast-featured-img":"","footer-sml-layout":"","theme-transparent-header-meta":"","adv-header-id-meta":"","stick-header-meta":"","header-above-stick-meta":"","header-main-stick-meta":"","header-below-stick-meta":"","_joinchat":[],"footnotes":""},"class_list":["post-981","page","type-page","status-publish","hentry"],"_links":{"self":[{"href":"https:\/\/alanyadahaliyikama.com\/index.php\/wp-json\/wp\/v2\/pages\/981","targetHints":{"allow":["GET"]}}],"collection":[{"href":"https:\/\/alanyadahaliyikama.com\/index.php\/wp-json\/wp\/v2\/pages"}],"about":[{"href":"https:\/\/alanyadahaliyikama.com\/index.php\/wp-json\/wp\/v2\/types\/page"}],"author":[{"embeddable":true,"href":"https:\/\/alanyadahaliyikama.com\/index.php\/wp-json\/wp\/v2\/users\/1"}],"replies":[{"embeddable":true,"href":"https:\/\/alanyadahaliyikama.com\/index.php\/wp-json\/wp\/v2\/comments?post=981"}],"version-history":[{"count":13,"href":"https:\/\/alanyadahaliyikama.com\/index.php\/wp-json\/wp\/v2\/pages\/981\/revisions"}],"predecessor-version":[{"id":1193,"href":"https:\/\/alanyadahaliyikama.com\/index.php\/wp-json\/wp\/v2\/pages\/981\/revisions\/1193"}],"up":[{"embeddable":true,"href":"https:\/\/alanyadahaliyikama.com\/index.php\/wp-json\/wp\/v2\/pages\/8"}],"wp:attachment":[{"href":"https:\/\/alanyadahaliyikama.com\/index.php\/wp-json\/wp\/v2\/media?parent=981"}],"curies":[{"name":"wp","href":"https:\/\/api.w.org\/{rel}","templated":true}]}}